{"id":133,"date":"2020-02-13T14:53:19","date_gmt":"2020-02-13T14:53:19","guid":{"rendered":"http:\/\/zinten.org\/?page_id=133"},"modified":"2020-02-13T17:18:06","modified_gmt":"2020-02-13T17:18:06","slug":"reiseberichte","status":"publish","type":"page","link":"http:\/\/zinten.org\/?page_id=133","title":{"rendered":"Reiseberichte"},"content":{"rendered":"\n<p class=\"has-text-align-left\"><strong><span style=\"text-decoration: underline;\">Berichte unserer Heimatreisen nach Zinten und ins Zintener Umland. <\/span><\/strong><\/p>\n\n\n\n<p><\/p>\n\n\n\n<div class=\"wp-block-file\"><a href=\"http:\/\/zinten.org\/wp-content\/uploads\/2020\/02\/UnserBesuchinZinten2015.pdf\">UnserBesuchinZinten2015<\/a><a href=\"http:\/\/zinten.org\/wp-content\/uploads\/2020\/02\/UnserBesuchinZinten2015.pdf\" class=\"wp-block-file__button\" download>Herunterladen<\/a><\/div>\n\n\n\n<div class=\"wp-block-file\"><a href=\"http:\/\/zinten.org\/wp-content\/uploads\/2020\/02\/AmStauwerkinZinten2015.pdf\">AmStauwerkinZinten2015<\/a><a href=\"http:\/\/zinten.org\/wp-content\/uploads\/2020\/02\/AmStauwerkinZinten2015.pdf\" class=\"wp-block-file__button\" download>Herunterladen<\/a><\/div>\n\n\n\n<div class=\"wp-block-file\"><a href=\"http:\/\/zinten.org\/wp-content\/uploads\/2020\/02\/UnserBesuchvomStauwerkZinten.pdf\">UnserBesuchvomStauwerkZinten<\/a><a href=\"http:\/\/zinten.org\/wp-content\/uploads\/2020\/02\/UnserBesuchvomStauwerkZinten.pdf\" class=\"wp-block-file__button\" download>Herunterladen<\/a><\/div>\n\n\n\n<div class=\"wp-block-file\"><a href=\"http:\/\/zinten.org\/wp-content\/uploads\/2020\/02\/BesuchinP\u00f6rschken2016.pdf\">BesuchinP\u00f6rschken2016<\/a><a href=\"http:\/\/zinten.org\/wp-content\/uploads\/2020\/02\/BesuchinP\u00f6rschken2016.pdf\" class=\"wp-block-file__button\" download>Herunterladen<\/a><\/div>\n\n\n\n<div class=\"wp-block-file\"><a href=\"http:\/\/zinten.org\/wp-content\/uploads\/2020\/02\/BesuchinBalga2016.pdf\">BesuchinBalga2016<\/a><a href=\"http:\/\/zinten.org\/wp-content\/uploads\/2020\/02\/BesuchinBalga2016.pdf\" class=\"wp-block-file__button\" download>Herunterladen<\/a><\/div>\n\n\n\n<p><\/p>\n\n\n\n<p><\/p>\n\n\n\n<pre class=\"wp-block-preformatted\">Diese Berichte dienen der Information f\u00fcr alle Interessierten an Zinten und dem Zintener Umland. Alle Reiseberichte unterliegen meinem Copyright und d\u00fcrfen nicht ohne mein Einverst\u00e4ndnis genutzt, ver\u00e4ndert oder verarbeitet werden!<\/pre>\n","protected":false},"excerpt":{"rendered":"<p>Berichte unserer Heimatreisen nach Zinten und ins Zintener Umland. Diese Berichte dienen der Information f\u00fcr alle Interessierten an Zinten und dem Zintener Umland. Alle Reiseberichte unterliegen meinem Copyright und d\u00fcrfen nicht ohne mein Einverst\u00e4ndnis genutzt, ver\u00e4ndert oder verarbeitet werden!<\/p>\n","protected":false},"author":2,"featured_media":0,"parent":0,"menu_order":0,"comment_status":"closed","ping_status":"closed","template":"","meta":{"jetpack_post_was_ever_published":false,"footnotes":""},"class_list":["post-133","page","type-page","status-publish","hentry"],"jetpack_sharing_enabled":true,"jetpack_shortlink":"https:\/\/wp.me\/PajJsK-29","jetpack-related-posts":[],"_links":{"self":[{"href":"http:\/\/zinten.org\/index.php?rest_route=\/wp\/v2\/pages\/133","targetHints":{"allow":["GET"]}}],"collection":[{"href":"http:\/\/zinten.org\/index.php?rest_route=\/wp\/v2\/pages"}],"about":[{"href":"http:\/\/zinten.org\/index.php?rest_route=\/wp\/v2\/types\/page"}],"author":[{"embeddable":true,"href":"http:\/\/zinten.org\/index.php?rest_route=\/wp\/v2\/users\/2"}],"replies":[{"embeddable":true,"href":"http:\/\/zinten.org\/index.php?rest_route=%2Fwp%2Fv2%2Fcomments&post=133"}],"version-history":[{"count":11,"href":"http:\/\/zinten.org\/index.php?rest_route=\/wp\/v2\/pages\/133\/revisions"}],"predecessor-version":[{"id":152,"href":"http:\/\/zinten.org\/index.php?rest_route=\/wp\/v2\/pages\/133\/revisions\/152"}],"wp:attachment":[{"href":"http:\/\/zinten.org\/index.php?rest_route=%2Fwp%2Fv2%2Fmedia&parent=133"}],"curies":[{"name":"wp","href":"https:\/\/api.w.org\/{rel}","templated":true}]}}