{"id":14,"date":"2018-10-01T14:25:17","date_gmt":"2018-10-01T14:25:17","guid":{"rendered":"http:\/\/zinten.org\/?page_id=14"},"modified":"2020-02-07T10:15:02","modified_gmt":"2020-02-07T10:15:02","slug":"14-2","status":"publish","type":"page","link":"http:\/\/zinten.org\/?page_id=14","title":{"rendered":"Datenschutz"},"content":{"rendered":"\n<p>Datenschutzerkl\u00e4rung<\/p>\n\n\n<h4>Wer wir sind<\/h4>\n<p>Die Adresse unserer Website ist: https:\/\/www.zinten.de<\/p>\n<h4>Welche personenbezogenen Daten wir sammeln und warum wir sie sammeln<\/h4>\n<h5>Kommentare<\/h5>\n<p>Wenn Besucher Kommentare auf der Website schreiben, sammeln wir die Daten, die im Kommentar-Formular angezeigt werden, au\u00dferdem die IP-Adresse des Besuchers und den User-Agent-String (damit wird der Browser identifiziert), um die Erkennung von Spam zu unterst\u00fctzen.<\/p>\n<p>Aus Ihrer E-Mail-Adresse kann eine anonymisierte Zeichenfolge erstellt (auch Hash genannt) und dem Gravatar-Dienst \u00fcbergeben werden, um zu pr\u00fcfen, ob Sie diesen benutzen. Die Datenschutzerkl\u00e4rung des Gravatar-Dienstes findest du hier: https:\/\/automattic.com\/privacy\/. Nachdem dein Kommentar freigegeben wurde, ist dein Profilbild \u00f6ffentlich im Kontext deines Kommentars sichtbar.<\/p>\n<h5>Medien<\/h5>\n<p>Wenn Sie ein registrierter Benutzer sind und Fotos auf diese Website laden, sollten Sie vermeiden, Fotos mit einem EXIF-GPS-Standort hochzuladen. Besucher dieser Website k\u00f6nnten Fotos, die auf dieser Website gespeichert sind, herunterladen und deren Standort-Informationen extrahieren.<\/p>\n<h5>Kontaktformulare<\/h5>\n<p>Im Kontaktformular werden personenbezogene Daten: Name, e-Mailadresse sowie IP zu Service-Zwecken \u00fcbermittelt. Diese werden nicht zu Marketingzwecken verwendet.<\/p>\n<h5>Cookies<\/h5>\n<p>Wenn Sie einen Kommentar auf unserer Website schreiben, kann das eine Einwilligung sein, Ihren Namen, E-Mail-Adresse und Website in Cookies zu speichern. Dies ist eine Komfortfunktion, damit Sie nicht, wenn Sie einen weiteren Kommentar schreiben, all diese Daten erneut eingeben m\u00fcssen. Diese Cookies werden ein Jahr lang gespeichert.<\/p>\n<p>Falls Sie ein Konto haben und sich auf dieser Website anmelden, werden wir ein tempor\u00e4res Cookie setzen, um festzustellen, ob Ihr Browser Cookies akzeptiert. Dieses Cookie enth\u00e4lt keine personenbezogenen Daten und wird verworfen, wenn Sie Ihren Browser schlie\u00dfen.<\/p>\n<p>Wenn Sie sich anmelden, werden wir einige Cookies einrichten, um Ihre Anmeldeinformationen und Anzeigeoptionen zu speichern. Anmelde-Cookies verfallen nach zwei Tagen und Cookies f\u00fcr die Anzeigeoptionen nach einem Jahr. Falls Sie bei der Anmeldung \u201eAngemeldet bleiben\u201c ausw\u00e4hlen, wird Ihre Anmeldung zwei Wochen lang aufrechterhalten. Mit der Abmeldung aus Ihrem Konto werden die Anmelde-Cookies gel\u00f6scht.<\/p>\n<p>Wenn Sie einen Artikel bearbeiten oder ver\u00f6ffentlichen, wird ein zus\u00e4tzlicher Cookie in Ihrem Browser gespeichert. Dieser Cookie enth\u00e4lt keine personenbezogenen Daten und verweist nur auf die Beitrags-ID des Artikels, den Sie gerade bearbeitet haben. Der Cookie verf\u00e4llt nach einem Tag.<\/p>\n<h5>Eingebettete Inhalte von anderen Websites<\/h5>\n<p>Beitr\u00e4ge auf dieser Website k\u00f6nnen eingebettete Inhalte beinhalten (z. B. Videos, Bilder, Beitr\u00e4ge etc.). Eingebettete Inhalte von anderen Websites verhalten sich exakt so, als ob der Besucher die andere Website besucht h\u00e4tte.<\/p>\n<p>Diese Websites k\u00f6nnen Daten \u00fcber Sie sammeln, Cookies benutzen, zus\u00e4tzliche Tracking-Dienste von Dritten einbetten und Ihre Interaktion mit diesem eingebetteten Inhalt aufzeichnen, inklusive Ihrer Interaktion mit dem eingebetteten Inhalt, falls Sie ein Konto haben und auf dieser Website angemeldet sind.<\/p>\n<h5>Analysedienste<\/h5>\n<p>Zur Analyse des Besucheraufkommens wird Google Analytics genutzt. Die Erkl\u00e4rung zur Datenaufbewahrung finden Sie <a href=\"https:\/\/support.google.com\/analytics\/answer\/7667196?hl=de&amp;utm_id=ad\">hier<\/a><\/p>\n<h4>Mit wem wir Ihre Daten teilen<\/h4>\n<p>Ihre Daten werden von uns nicht geteilt.<\/p>\n<h4>Wie lange wir Ihre Daten speichern<\/h4>\n<p>Wenn Sie einen Kommentar schreiben, wird dieser inklusive Metadaten zeitlich unbegrenzt gespeichert. Auf diese Art k\u00f6nnen wir Folgekommentare automatisch erkennen und freigeben, anstelle sie in einer Moderations-Warteschlange festzuhalten.<\/p>\n<p>F\u00fcr Benutzer, die sich auf unserer Website registrieren, speichern wir zus\u00e4tzlich die pers\u00f6nlichen Informationen, die sie in ihren Benutzerprofilen angeben. Alle Benutzer k\u00f6nnen jederzeit ihre pers\u00f6nlichen Informationen einsehen, ver\u00e4ndern oder l\u00f6schen (der Benutzername kann nicht ver\u00e4ndert werden). Administratoren der Website k\u00f6nnen diese Informationen ebenfalls einsehen und ver\u00e4ndern.<\/p>\n<h4>Welche Rechte Sie an Ihren Daten haben<\/h4>\n<p>Wenn Sie ein Konto auf dieser Website besitzen oder Kommentare geschrieben haben, k\u00f6nnen Sie einen Export deiner personenbezogenen Daten bei uns anfordern, inklusive aller Daten, die Sie uns mitgeteilt haben. Dar\u00fcber hinaus k\u00f6nnen Sie die L\u00f6schung aller personenbezogenen Daten, die wir von Ihnen gespeichert haben, anfordern. Dies umfasst nicht die Daten, die wir aufgrund administrativer, rechtlicher oder sicherheitsrelevanter Notwendigkeiten aufbewahren m\u00fcssen.<\/p>\n<h4>Wohin wir Ihre Daten senden<\/h4>\n<p>Besucher-Kommentare k\u00f6nnten von einem automatisierten Dienst zur Spam-Erkennung untersucht werden.<\/p>\n<h4>Ihre Kontakt-Informationen<\/h4>\n<p>Als Kontaktm\u00f6glichkeit f\u00fcr alle datenschutzrelevanten Anliegen bitte ich das Kontaktformular zu nutzen.<\/p>","protected":false},"excerpt":{"rendered":"<p>Datenschutzerkl\u00e4rung Wer wir sind Die Adresse unserer Website ist: https:\/\/www.zinten.de Welche personenbezogenen Daten wir sammeln und warum wir sie sammeln Kommentare Wenn Besucher Kommentare auf der Website schreiben, sammeln wir die Daten, die im Kommentar-Formular angezeigt werden, au\u00dferdem die IP-Adresse des Besuchers und den User-Agent-String (damit wird der Browser identifiziert), um die Erkennung von Spam &hellip; <a href=\"http:\/\/zinten.org\/?page_id=14\" class=\"more-link\"><span class=\"screen-reader-text\">\u201eDatenschutz\u201c<\/span> weiterlesen<\/a><\/p>\n","protected":false},"author":1,"featured_media":0,"parent":0,"menu_order":5,"comment_status":"closed","ping_status":"closed","template":"","meta":{"jetpack_post_was_ever_published":false,"footnotes":""},"class_list":["post-14","page","type-page","status-publish","hentry"],"jetpack_sharing_enabled":true,"jetpack_shortlink":"https:\/\/wp.me\/PajJsK-e","jetpack-related-posts":[{"id":11,"url":"http:\/\/zinten.org\/?page_id=11","url_meta":{"origin":14,"position":0},"title":"Impressum","author":"CP","date":"Oktober 1, 2018","format":false,"excerpt":"Verantwortlich f\u00fcr die Seite: Angaben gem\u00e4\u00df \u00a7 5 TMG: Stadtgemeinschaft Zinten Viola Reyentanz Gro\u00dfenhainer Str. 5 04932 Hirschfeld Tel.-Nr.: 035343-433, Fax-Nr.: 035343-61480 e-Mail: reyvio@web.de Siegfried Dreher Papenwisch 11 22927 Gro\u00dfhansdorf Telefon 04102-61315 Fax 04102-697794 e-Mail: m.s.dreher@t-online.de Verantwortlich f\u00fcr den Inhalt nach \u00a7 55 Abs. 2 RStV: Christian Perbandt Im Stegefeld\u2026","rel":"","context":"\u00c4hnlicher Beitrag","block_context":{"text":"\u00c4hnlicher Beitrag","link":""},"img":{"alt_text":"","src":"","width":0,"height":0},"classes":[]},{"id":79,"url":"http:\/\/zinten.org\/?page_id=79","url_meta":{"origin":14,"position":1},"title":"Heimatreisen","author":"An","date":"Februar 7, 2020","format":false,"excerpt":"Die Verbindung in unsere ostpreu\u00dfische Heimat liegt uns besonders am Herzen - Heimatkunde, Heimatpflege, Erhalt polnischer und russischer Freundschaften. Ostpreu\u00dfen bleibt unvergessen! Aus diesem Grund haben wir die Interessengemeinschaft Ostpreu\u00dfen gegr\u00fcndet und fahren einmal im Jahr als Vereinsfahrt in unser wundersch\u00f6nes Ostpreussen. 22.05.2020-31.05.2020 Nordostpreu\u00dfen K\u00f6nigsberg \/ Cranz \/ Danzig Tag:\u2026","rel":"","context":"\u00c4hnlicher Beitrag","block_context":{"text":"\u00c4hnlicher Beitrag","link":""},"img":{"alt_text":"","src":"","width":0,"height":0},"classes":[]},{"id":18,"url":"http:\/\/zinten.org\/","url_meta":{"origin":14,"position":2},"title":"Guten Tag","author":"CP","date":"Oktober 1, 2018","format":false,"excerpt":"Wir begr\u00fc\u00dfen Sie auf der Seite der Stadtgemeinschaft Zinten \/ Kreis Heiligenbeil in Ostpreu\u00dfen. Bitte besuchen Sie diese Seite regelm\u00e4\u00dfig. Ihre Stadtvertreter Viola Reyentanz und Siegfried Dreher","rel":"","context":"\u00c4hnlicher Beitrag","block_context":{"text":"\u00c4hnlicher Beitrag","link":""},"img":{"alt_text":"","src":"https:\/\/i0.wp.com\/zinten.org\/wp-content\/uploads\/2018\/10\/image0-1.jpg?fit=1097%2C700&resize=350%2C200","width":350,"height":200,"srcset":"https:\/\/i0.wp.com\/zinten.org\/wp-content\/uploads\/2018\/10\/image0-1.jpg?fit=1097%2C700&resize=350%2C200 1x, https:\/\/i0.wp.com\/zinten.org\/wp-content\/uploads\/2018\/10\/image0-1.jpg?fit=1097%2C700&resize=525%2C300 1.5x, https:\/\/i0.wp.com\/zinten.org\/wp-content\/uploads\/2018\/10\/image0-1.jpg?fit=1097%2C700&resize=700%2C400 2x, https:\/\/i0.wp.com\/zinten.org\/wp-content\/uploads\/2018\/10\/image0-1.jpg?fit=1097%2C700&resize=1050%2C600 3x"},"classes":[]},{"id":34,"url":"http:\/\/zinten.org\/?page_id=34","url_meta":{"origin":14,"position":3},"title":"Fotos-Zinten heute","author":"CP","date":"Oktober 1, 2018","format":false,"excerpt":"Bilder unserer allj\u00e4hrlichen Heimatreisen - Zinten heute Reste des Kirchturmes - 2010 Kirchenportal - heute Alte Mittelschule... Bahnhofstra\u00dfe, Haus der Familie Piccenini Bahnhofstra\u00dfe, Haus von Hans Rutz - jetzt Lebensmittelgesch\u00e4ft Bahnhofstra\u00dfe, Haus von Max Brendtner Birkenallee 8, Haus der Familie Schulz - jetzt Schulk\u00fcche Birkenallee 6, Haus des T\u00f6pfermeisters Frost,\u2026","rel":"","context":"Mit 4 Kommentaren","block_context":{"text":"Mit 4 Kommentaren","link":"http:\/\/zinten.org\/?page_id=34#comments"},"img":{"alt_text":"Reste des Kirchturmes - 2010","src":"https:\/\/i0.wp.com\/lh6.ggpht.com\/_c5apinOo0vk\/TBO0LV8NrnI\/AAAAAAAACL0\/abtJGE9uScQ\/s160-c\/RuinederKirche.jpg?resize=350%2C200","width":350,"height":200},"classes":[]},{"id":133,"url":"http:\/\/zinten.org\/?page_id=133","url_meta":{"origin":14,"position":4},"title":"Reiseberichte","author":"An","date":"Februar 13, 2020","format":false,"excerpt":"Berichte unserer Heimatreisen nach Zinten und ins Zintener Umland. UnserBesuchinZinten2015Herunterladen AmStauwerkinZinten2015Herunterladen UnserBesuchvomStauwerkZintenHerunterladen BesuchinP\u00f6rschken2016Herunterladen BesuchinBalga2016Herunterladen Diese Berichte dienen der Information f\u00fcr alle Interessierten an Zinten und dem Zintener Umland. Alle Reiseberichte unterliegen meinem Copyright und d\u00fcrfen nicht ohne mein Einverst\u00e4ndnis genutzt, ver\u00e4ndert oder verarbeitet werden!","rel":"","context":"\u00c4hnlicher Beitrag","block_context":{"text":"\u00c4hnlicher Beitrag","link":""},"img":{"alt_text":"","src":"","width":0,"height":0},"classes":[]}],"_links":{"self":[{"href":"http:\/\/zinten.org\/index.php?rest_route=\/wp\/v2\/pages\/14","targetHints":{"allow":["GET"]}}],"collection":[{"href":"http:\/\/zinten.org\/index.php?rest_route=\/wp\/v2\/pages"}],"about":[{"href":"http:\/\/zinten.org\/index.php?rest_route=\/wp\/v2\/types\/page"}],"author":[{"embeddable":true,"href":"http:\/\/zinten.org\/index.php?rest_route=\/wp\/v2\/users\/1"}],"replies":[{"embeddable":true,"href":"http:\/\/zinten.org\/index.php?rest_route=%2Fwp%2Fv2%2Fcomments&post=14"}],"version-history":[{"count":3,"href":"http:\/\/zinten.org\/index.php?rest_route=\/wp\/v2\/pages\/14\/revisions"}],"predecessor-version":[{"id":131,"href":"http:\/\/zinten.org\/index.php?rest_route=\/wp\/v2\/pages\/14\/revisions\/131"}],"wp:attachment":[{"href":"http:\/\/zinten.org\/index.php?rest_route=%2Fwp%2Fv2%2Fmedia&parent=14"}],"curies":[{"name":"wp","href":"https:\/\/api.w.org\/{rel}","templated":true}]}}