{"id":18,"date":"2018-10-01T14:27:46","date_gmt":"2018-10-01T14:27:46","guid":{"rendered":"http:\/\/zinten.org\/?page_id=18"},"modified":"2020-12-31T09:06:16","modified_gmt":"2020-12-31T09:06:16","slug":"guten-tag","status":"publish","type":"page","link":"http:\/\/zinten.org\/","title":{"rendered":"Guten Tag"},"content":{"rendered":"<p>Wir begr\u00fc\u00dfen Sie auf der Seite der Stadtgemeinschaft Zinten \/ Kreis Heiligenbeil in Ostpreu\u00dfen.<\/p>\n<p>Bitte besuchen Sie diese Seite regelm\u00e4\u00dfig.<\/p>\n<p>Ihre Stadtvertreter<\/p>\n<p>Viola Reyentanz und Siegfried Dreher<\/p>\n<p style=\"text-align: center;\">\n","protected":false},"excerpt":{"rendered":"<p>Wir begr\u00fc\u00dfen Sie auf der Seite der Stadtgemeinschaft Zinten \/ Kreis Heiligenbeil in Ostpreu\u00dfen. Bitte besuchen Sie diese Seite regelm\u00e4\u00dfig. Ihre Stadtvertreter Viola Reyentanz und Siegfried Dreher<\/p>\n","protected":false},"author":1,"featured_media":45,"parent":0,"menu_order":1,"comment_status":"closed","ping_status":"closed","template":"","meta":{"jetpack_post_was_ever_published":false,"footnotes":""},"class_list":["post-18","page","type-page","status-publish","has-post-thumbnail","hentry"],"jetpack_sharing_enabled":true,"jetpack_shortlink":"https:\/\/wp.me\/PajJsK-i","jetpack-related-posts":[{"id":11,"url":"http:\/\/zinten.org\/?page_id=11","url_meta":{"origin":18,"position":0},"title":"Impressum","author":"CP","date":"Oktober 1, 2018","format":false,"excerpt":"Verantwortlich f\u00fcr die Seite: Angaben gem\u00e4\u00df \u00a7 5 TMG: Stadtgemeinschaft Zinten Viola Reyentanz Gro\u00dfenhainer Str. 5 04932 Hirschfeld Tel.-Nr.: 035343-433, Fax-Nr.: 035343-61480 e-Mail: reyvio@web.de Siegfried Dreher Papenwisch 11 22927 Gro\u00dfhansdorf Telefon 04102-61315 Fax 04102-697794 e-Mail: m.s.dreher@t-online.de Verantwortlich f\u00fcr den Inhalt nach \u00a7 55 Abs. 2 RStV: Christian Perbandt Im Stegefeld\u2026","rel":"","context":"\u00c4hnlicher Beitrag","block_context":{"text":"\u00c4hnlicher Beitrag","link":""},"img":{"alt_text":"","src":"","width":0,"height":0},"classes":[]},{"id":14,"url":"http:\/\/zinten.org\/?page_id=14","url_meta":{"origin":18,"position":1},"title":"Datenschutz","author":"CP","date":"Oktober 1, 2018","format":false,"excerpt":"Datenschutzerkl\u00e4rung Wer wir sind Die Adresse unserer Website ist: https:\/\/www.zinten.de Welche personenbezogenen Daten wir sammeln und warum wir sie sammeln Kommentare Wenn Besucher Kommentare auf der Website schreiben, sammeln wir die Daten, die im Kommentar-Formular angezeigt werden, au\u00dferdem die IP-Adresse des Besuchers und den User-Agent-String (damit wird der Browser identifiziert),\u2026","rel":"","context":"\u00c4hnlicher Beitrag","block_context":{"text":"\u00c4hnlicher Beitrag","link":""},"img":{"alt_text":"","src":"","width":0,"height":0},"classes":[]},{"id":79,"url":"http:\/\/zinten.org\/?page_id=79","url_meta":{"origin":18,"position":2},"title":"Heimatreisen","author":"An","date":"Februar 7, 2020","format":false,"excerpt":"Die Verbindung in unsere ostpreu\u00dfische Heimat liegt uns besonders am Herzen - Heimatkunde, Heimatpflege, Erhalt polnischer und russischer Freundschaften. Ostpreu\u00dfen bleibt unvergessen! Aus diesem Grund haben wir die Interessengemeinschaft Ostpreu\u00dfen gegr\u00fcndet und fahren einmal im Jahr als Vereinsfahrt in unser wundersch\u00f6nes Ostpreussen. 22.05.2020-31.05.2020 Nordostpreu\u00dfen K\u00f6nigsberg \/ Cranz \/ Danzig Tag:\u2026","rel":"","context":"\u00c4hnlicher Beitrag","block_context":{"text":"\u00c4hnlicher Beitrag","link":""},"img":{"alt_text":"","src":"","width":0,"height":0},"classes":[]},{"id":34,"url":"http:\/\/zinten.org\/?page_id=34","url_meta":{"origin":18,"position":3},"title":"Fotos-Zinten heute","author":"CP","date":"Oktober 1, 2018","format":false,"excerpt":"Bilder unserer allj\u00e4hrlichen Heimatreisen - Zinten heute Reste des Kirchturmes - 2010 Kirchenportal - heute Alte Mittelschule... Bahnhofstra\u00dfe, Haus der Familie Piccenini Bahnhofstra\u00dfe, Haus von Hans Rutz - jetzt Lebensmittelgesch\u00e4ft Bahnhofstra\u00dfe, Haus von Max Brendtner Birkenallee 8, Haus der Familie Schulz - jetzt Schulk\u00fcche Birkenallee 6, Haus des T\u00f6pfermeisters Frost,\u2026","rel":"","context":"Mit 4 Kommentaren","block_context":{"text":"Mit 4 Kommentaren","link":"http:\/\/zinten.org\/?page_id=34#comments"},"img":{"alt_text":"Reste des Kirchturmes - 2010","src":"https:\/\/i0.wp.com\/lh6.ggpht.com\/_c5apinOo0vk\/TBO0LV8NrnI\/AAAAAAAACL0\/abtJGE9uScQ\/s160-c\/RuinederKirche.jpg?resize=350%2C200","width":350,"height":200},"classes":[]},{"id":104,"url":"http:\/\/zinten.org\/?page_id=104","url_meta":{"origin":18,"position":4},"title":"Fotos-Zinten heute 2","author":"An","date":"Januar 25, 2020","format":false,"excerpt":"M\u00fchle PaulyStorch auf der Kirchenruine Wilhelmstrasse mit KirchenruineWaldbadWaldbadStrasse zum WaldschlossAlte MittelschuleSchulstrasseWasserturmVolksbank LindenstrasseLudwigsorter Chaussee stadteinw\u00e4rtsWaldbadStradick am WaldbadBlick zur StadtAreal vom WaldschlossAreal vom WaldschlossNebengeb\u00e4ude BahnhofSt\u00f6rche auf der KirchenruineStorch auf Ludwigsorter Chaussee stadtausw\u00e4rtsWasserturmKirchenportalPlatz der Hans-Schemm-SchuleBahnhofstrasseBahnhofstrasse Fu\u00dfweg AlleeZinten heute","rel":"","context":"\u00c4hnlicher Beitrag","block_context":{"text":"\u00c4hnlicher Beitrag","link":""},"img":{"alt_text":"","src":"https:\/\/i0.wp.com\/zinten.org\/wp-content\/uploads\/2020\/01\/IMG_1159-scaled.jpg?resize=350%2C200","width":350,"height":200,"srcset":"https:\/\/i0.wp.com\/zinten.org\/wp-content\/uploads\/2020\/01\/IMG_1159-scaled.jpg?resize=350%2C200 1x, https:\/\/i0.wp.com\/zinten.org\/wp-content\/uploads\/2020\/01\/IMG_1159-scaled.jpg?resize=525%2C300 1.5x, https:\/\/i0.wp.com\/zinten.org\/wp-content\/uploads\/2020\/01\/IMG_1159-scaled.jpg?resize=700%2C400 2x, https:\/\/i0.wp.com\/zinten.org\/wp-content\/uploads\/2020\/01\/IMG_1159-scaled.jpg?resize=1050%2C600 3x, https:\/\/i0.wp.com\/zinten.org\/wp-content\/uploads\/2020\/01\/IMG_1159-scaled.jpg?resize=1400%2C800 4x"},"classes":[]},{"id":133,"url":"http:\/\/zinten.org\/?page_id=133","url_meta":{"origin":18,"position":5},"title":"Reiseberichte","author":"An","date":"Februar 13, 2020","format":false,"excerpt":"Berichte unserer Heimatreisen nach Zinten und ins Zintener Umland. UnserBesuchinZinten2015Herunterladen AmStauwerkinZinten2015Herunterladen UnserBesuchvomStauwerkZintenHerunterladen BesuchinP\u00f6rschken2016Herunterladen BesuchinBalga2016Herunterladen Diese Berichte dienen der Information f\u00fcr alle Interessierten an Zinten und dem Zintener Umland. Alle Reiseberichte unterliegen meinem Copyright und d\u00fcrfen nicht ohne mein Einverst\u00e4ndnis genutzt, ver\u00e4ndert oder verarbeitet werden!","rel":"","context":"\u00c4hnlicher Beitrag","block_context":{"text":"\u00c4hnlicher Beitrag","link":""},"img":{"alt_text":"","src":"","width":0,"height":0},"classes":[]}],"_links":{"self":[{"href":"http:\/\/zinten.org\/index.php?rest_route=\/wp\/v2\/pages\/18","targetHints":{"allow":["GET"]}}],"collection":[{"href":"http:\/\/zinten.org\/index.php?rest_route=\/wp\/v2\/pages"}],"about":[{"href":"http:\/\/zinten.org\/index.php?rest_route=\/wp\/v2\/types\/page"}],"author":[{"embeddable":true,"href":"http:\/\/zinten.org\/index.php?rest_route=\/wp\/v2\/users\/1"}],"replies":[{"embeddable":true,"href":"http:\/\/zinten.org\/index.php?rest_route=%2Fwp%2Fv2%2Fcomments&post=18"}],"version-history":[{"count":7,"href":"http:\/\/zinten.org\/index.php?rest_route=\/wp\/v2\/pages\/18\/revisions"}],"predecessor-version":[{"id":154,"href":"http:\/\/zinten.org\/index.php?rest_route=\/wp\/v2\/pages\/18\/revisions\/154"}],"wp:featuredmedia":[{"embeddable":true,"href":"http:\/\/zinten.org\/index.php?rest_route=\/wp\/v2\/media\/45"}],"wp:attachment":[{"href":"http:\/\/zinten.org\/index.php?rest_route=%2Fwp%2Fv2%2Fmedia&parent=18"}],"curies":[{"name":"wp","href":"https:\/\/api.w.org\/{rel}","templated":true}]}}