{"id":34,"date":"2018-10-01T15:10:43","date_gmt":"2018-10-01T15:10:43","guid":{"rendered":"http:\/\/zinten.org\/?page_id=34"},"modified":"2020-02-07T09:39:14","modified_gmt":"2020-02-07T09:39:14","slug":"bilder-zinten-2010","status":"publish","type":"page","link":"http:\/\/zinten.org\/?page_id=34","title":{"rendered":"Fotos-Zinten heute"},"content":{"rendered":"<h2>Bilder unserer allj\u00e4hrlichen Heimatreisen &#8211; Zinten heute<\/h2>\n<div class=\"pie-gallery alignGalleryLeft\">\n<div class=\"pie-item\" style=\"margin: 10px;\">\n<p class=\"pie-img-wrapper\" style=\"text-align: center;\"><a title=\"Reste des Kirchturmes - 2010\" href=\"https:\/\/i0.wp.com\/lh6.ggpht.com\/_c5apinOo0vk\/TBO0LV8NrnI\/AAAAAAAACL0\/abtJGE9uScQ\/RuinederKirche.jpg\" rel=\"lightbox[2010-5-0-16-43-22]\"><img data-recalc-dims=\"1\" loading=\"lazy\" decoding=\"async\" class=\"pie-img aligncenter\" src=\"https:\/\/i0.wp.com\/lh6.ggpht.com\/_c5apinOo0vk\/TBO0LV8NrnI\/AAAAAAAACL0\/abtJGE9uScQ\/s160-c\/RuinederKirche.jpg?resize=160%2C160\" alt=\"Reste des Kirchturmes - 2010\" width=\"160\" height=\"160\"><\/a><span style=\"font-size: inherit;\">Reste des Kirchturmes &#8211; 2010<\/span><\/p>\n<\/div>\n<div class=\"pie-item\" style=\"margin: 10px;\">\n<p class=\"pie-img-wrapper\" style=\"text-align: center;\"><a title=\"Unser Kirchenportal - heute\" href=\"https:\/\/i0.wp.com\/lh5.ggpht.com\/_c5apinOo0vk\/TBO0LzKyaII\/AAAAAAAACL0\/d-ya4yud4Uo\/Kirchenportal.jpg\" rel=\"lightbox[2010-5-0-16-43-22]\"><img data-recalc-dims=\"1\" loading=\"lazy\" decoding=\"async\" class=\"pie-img aligncenter\" src=\"https:\/\/i0.wp.com\/lh5.ggpht.com\/_c5apinOo0vk\/TBO0LzKyaII\/AAAAAAAACL0\/d-ya4yud4Uo\/s160-c\/Kirchenportal.jpg?resize=160%2C160\" alt=\"Unser Kirchenportal - heute\" width=\"160\" height=\"160\"><\/a>Kirchenportal &#8211; heute<\/p>\n<\/div>\n<div class=\"pie-item\" style=\"margin: 10px;\">\n<p class=\"pie-img-wrapper\" style=\"text-align: center;\"><a title=\"Die alte Mittelschule...\" href=\"https:\/\/i0.wp.com\/lh3.ggpht.com\/_c5apinOo0vk\/TBO0Oc8S6uI\/AAAAAAAACME\/ybxMVWB4wq8\/Mittelschule.jpg\" rel=\"lightbox[2010-5-0-16-43-22]\"><img data-recalc-dims=\"1\" loading=\"lazy\" decoding=\"async\" class=\"pie-img aligncenter\" src=\"https:\/\/i0.wp.com\/lh3.ggpht.com\/_c5apinOo0vk\/TBO0Oc8S6uI\/AAAAAAAACME\/ybxMVWB4wq8\/s160-c\/Mittelschule.jpg?resize=160%2C160\" alt=\"Die alte Mittelschule...\" width=\"160\" height=\"160\"><\/a>Alte Mittelschule&#8230;<\/p>\n<\/div>\n<div class=\"pie-item\" style=\"margin: 10px;\">\n<p class=\"pie-img-wrapper\" style=\"text-align: center;\"><a title=\"Bahnhofstra\u00dfe, Haus der Familie Piccenini\" href=\"https:\/\/i0.wp.com\/lh3.ggpht.com\/_c5apinOo0vk\/TBO0NoURnyI\/AAAAAAAACL4\/iWIs6NKQMb8\/Bahnhofstra%C3%9FeFamPiccenini.jpg\" rel=\"lightbox[2010-5-0-16-43-22]\"><img data-recalc-dims=\"1\" loading=\"lazy\" decoding=\"async\" class=\"pie-img aligncenter\" src=\"https:\/\/i0.wp.com\/lh3.ggpht.com\/_c5apinOo0vk\/TBO0NoURnyI\/AAAAAAAACL4\/iWIs6NKQMb8\/s160-c\/Bahnhofstra%C3%9FeFamPiccenini.jpg?resize=160%2C160\" alt=\"Bahnhofstra\u00dfe, Haus der Familie Piccenini\" width=\"160\" height=\"160\"><\/a>Bahnhofstra\u00dfe, Haus der Familie Piccenini<\/p>\n<\/div>\n<div class=\"pie-item\" style=\"margin: 10px; text-align: center;\">\n<p class=\"pie-img-wrapper\"><a title=\"Bahnhofstra\u00dfe, Haus von Hans Rutz - jetzt Lebensmittelgesch\u00e4ft\" href=\"https:\/\/i0.wp.com\/lh3.ggpht.com\/_c5apinOo0vk\/TBO0O3lIKTI\/AAAAAAAACMM\/SwMXHeMEi5s\/Bahnhofstra%C3%9FeHansRutz.jpg\" rel=\"lightbox[2010-5-0-16-43-22]\"><img data-recalc-dims=\"1\" loading=\"lazy\" decoding=\"async\" class=\"pie-img aligncenter\" src=\"https:\/\/i0.wp.com\/lh3.ggpht.com\/_c5apinOo0vk\/TBO0O3lIKTI\/AAAAAAAACMM\/SwMXHeMEi5s\/s160-c\/Bahnhofstra%C3%9FeHansRutz.jpg?resize=160%2C160\" alt=\"Bahnhofstra\u00dfe, Haus von Hans Rutz - jetzt Lebensmittelgesch\u00e4ft\" width=\"160\" height=\"160\"><\/a>Bahnhofstra\u00dfe, Haus von Hans Rutz &#8211; jetzt Lebensmittelgesch\u00e4ft<\/p>\n<\/div>\n<div class=\"pie-item\" style=\"margin: 10px; text-align: center;\">\n<p class=\"pie-img-wrapper\"><a title=\"Bahnhofstra\u00dfe, Haus von Max Brendtner\" href=\"https:\/\/i0.wp.com\/lh3.ggpht.com\/_c5apinOo0vk\/TBO0N5YUVSI\/AAAAAAAACL8\/uHcpM3h1oR8\/Bahnhofstra%C3%9FeMaxBrendtner.jpg\" rel=\"lightbox[2010-5-0-16-43-22]\"><img data-recalc-dims=\"1\" loading=\"lazy\" decoding=\"async\" class=\"pie-img aligncenter\" src=\"https:\/\/i0.wp.com\/lh3.ggpht.com\/_c5apinOo0vk\/TBO0N5YUVSI\/AAAAAAAACL8\/uHcpM3h1oR8\/s160-c\/Bahnhofstra%C3%9FeMaxBrendtner.jpg?resize=160%2C160\" alt=\"Bahnhofstra\u00dfe, Haus von Max Brendtner\" width=\"160\" height=\"160\"><\/a>Bahnhofstra\u00dfe, Haus von Max Brendtner<\/p>\n<\/div>\n<div class=\"pie-item\" style=\"margin: 10px; text-align: center;\">\n<p class=\"pie-img-wrapper\"><a title=\"Birkenallee 8, Haus der Familie Schulz - jetzt Schulk\u00fcche\" href=\"https:\/\/i0.wp.com\/lh5.ggpht.com\/_c5apinOo0vk\/TBO0Ml9HDSI\/AAAAAAAACL0\/8nn2LOoizjc\/Birkenallee8famSchulz.jpg\" rel=\"lightbox[2010-5-0-16-43-22]\"><img data-recalc-dims=\"1\" loading=\"lazy\" decoding=\"async\" class=\"pie-img aligncenter\" src=\"https:\/\/i0.wp.com\/lh5.ggpht.com\/_c5apinOo0vk\/TBO0Ml9HDSI\/AAAAAAAACL0\/8nn2LOoizjc\/s160-c\/Birkenallee8famSchulz.jpg?resize=160%2C160\" alt=\"Birkenallee 8, Haus der Familie Schulz - jetzt Schulk\u00fcche\" width=\"160\" height=\"160\"><\/a>Birkenallee 8, Haus der Familie Schulz &#8211; jetzt Schulk\u00fcche<\/p>\n<\/div>\n<div class=\"pie-item\" style=\"margin: 10px;\">\n<p class=\"pie-img-wrapper\" style=\"text-align: center;\"><a title=\"Birkenallee 6, Haus des T\u00f6pfermeisters Frost, zeitweise als Verwaltung genutzt\" href=\"https:\/\/i0.wp.com\/lh5.ggpht.com\/_c5apinOo0vk\/TBO0M6qeN8I\/AAAAAAAACL0\/L0xVBGUAV_4\/Birkenallee6T%C3%B6pfermeisterFrost.jpg\" rel=\"lightbox[2010-5-0-16-43-22]\"><img data-recalc-dims=\"1\" loading=\"lazy\" decoding=\"async\" class=\"pie-img aligncenter\" src=\"https:\/\/i0.wp.com\/lh5.ggpht.com\/_c5apinOo0vk\/TBO0M6qeN8I\/AAAAAAAACL0\/L0xVBGUAV_4\/s160-c\/Birkenallee6T%C3%B6pfermeisterFrost.jpg?resize=160%2C160\" alt=\"Birkenallee 6, Haus des T\u00f6pfermeisters Frost, zeitweise als Verwaltung genutzt\" width=\"160\" height=\"160\"><\/a>Birkenallee 6, Haus des T\u00f6pfermeisters Frost, zeitweise als Verwaltung genutzt<\/p>\n<\/div>\n<div class=\"pie-item\" style=\"margin: 10px;\">\n<p class=\"pie-img-wrapper\" style=\"text-align: center;\"><a title=\"Friedrichstra\u00dfe, Haus neben der Post - erbaut 1902\" href=\"https:\/\/i0.wp.com\/lh5.ggpht.com\/_c5apinOo0vk\/TBO0MJaJW_I\/AAAAAAAACL0\/y8YixUcOg1I\/Friedrichstra%C3%9Fenebenderpost.jpg\" rel=\"lightbox[2010-5-0-16-43-22]\"><img data-recalc-dims=\"1\" loading=\"lazy\" decoding=\"async\" class=\"pie-img aligncenter\" src=\"https:\/\/i0.wp.com\/lh5.ggpht.com\/_c5apinOo0vk\/TBO0MJaJW_I\/AAAAAAAACL0\/y8YixUcOg1I\/s160-c\/Friedrichstra%C3%9Fenebenderpost.jpg?resize=160%2C160\" alt=\"Friedrichstra\u00dfe, Haus neben der Post - erbaut 1902\" width=\"160\" height=\"160\"><\/a>Friedrichstra\u00dfe, Haus neben der Post &#8211; erbaut 1902<\/p>\n<\/div>\n<div class=\"pie-item\" style=\"margin: 10px; text-align: center;\">\n<p class=\"pie-img-wrapper\"><a title=\"Russisches Haus in der N\u00e4he des Waldbades\" href=\"https:\/\/i0.wp.com\/lh4.ggpht.com\/_c5apinOo0vk\/TBO0PU0r9EI\/AAAAAAAACMY\/vTSXTmAzGns\/RussischesHausN%C3%A4heWaldbad.jpg\" rel=\"lightbox[2010-5-0-16-43-22]\"><img data-recalc-dims=\"1\" loading=\"lazy\" decoding=\"async\" class=\"pie-img aligncenter\" src=\"https:\/\/i0.wp.com\/lh4.ggpht.com\/_c5apinOo0vk\/TBO0PU0r9EI\/AAAAAAAACMY\/vTSXTmAzGns\/s160-c\/RussischesHausN%C3%A4heWaldbad.jpg?resize=160%2C160\" alt=\"Russisches Haus in der N\u00e4he des Waldbades\" width=\"160\" height=\"160\"><\/a>Russisches Haus in der N\u00e4he des Waldbades<\/p>\n<\/div>\n<div class=\"pie-item\" style=\"margin: 10px; text-align: center;\">\n<p class=\"pie-img-wrapper\"><a title=\"Stradick am Waldbad\" href=\"https:\/\/i0.wp.com\/lh6.ggpht.com\/_c5apinOo0vk\/TBO0QjwcXaI\/AAAAAAAACMs\/mhZOHzfbnt0\/StradickamWaldbad.jpg\" rel=\"lightbox[2010-5-0-16-43-22]\"><img data-recalc-dims=\"1\" loading=\"lazy\" decoding=\"async\" class=\"pie-img aligncenter\" src=\"https:\/\/i0.wp.com\/lh6.ggpht.com\/_c5apinOo0vk\/TBO0QjwcXaI\/AAAAAAAACMs\/mhZOHzfbnt0\/s160-c\/StradickamWaldbad.jpg?resize=160%2C160\" alt=\"Stradick am Waldbad\" width=\"160\" height=\"160\"><\/a>Stradick am Waldbad<\/p>\n<\/div>\n<div class=\"pie-item\" style=\"margin: 10px; text-align: center;\">\n<p class=\"pie-img-wrapper\"><a title=\"Russische Kinder fangen Krebse im Stradick\" href=\"https:\/\/i0.wp.com\/lh5.ggpht.com\/_c5apinOo0vk\/TBO0RENlhiI\/AAAAAAAACM0\/M2WXzNnD39Q\/KinderfangenKrebse.jpg\" rel=\"lightbox[2010-5-0-16-43-22]\"><img data-recalc-dims=\"1\" loading=\"lazy\" decoding=\"async\" class=\"pie-img aligncenter\" src=\"https:\/\/i0.wp.com\/lh5.ggpht.com\/_c5apinOo0vk\/TBO0RENlhiI\/AAAAAAAACM0\/M2WXzNnD39Q\/s160-c\/KinderfangenKrebse.jpg?resize=160%2C160\" alt=\"Russische Kinder fangen Krebse im Stradick\" width=\"160\" height=\"160\"><\/a>Russische Kinder fangen Krebse im Stradick<\/p>\n<\/div>\n<div class=\"pie-item\" style=\"margin: 10px;\">\n<p class=\"pie-img-wrapper\"><a style=\"font-size: inherit;\" title=\"Haupteingang des evangelischen Friedhofs\" href=\"https:\/\/i0.wp.com\/lh6.ggpht.com\/_c5apinOo0vk\/TBO0Sz6zFUI\/AAAAAAAACNQ\/NhFsUkbtlTU\/HaupteingangevangelischerFriedhof.jpg\" rel=\"lightbox[2010-5-0-16-43-22]\"><img data-recalc-dims=\"1\" loading=\"lazy\" decoding=\"async\" class=\"pie-img aligncenter\" src=\"https:\/\/i0.wp.com\/lh6.ggpht.com\/_c5apinOo0vk\/TBO0Sz6zFUI\/AAAAAAAACNQ\/NhFsUkbtlTU\/s160-c\/HaupteingangevangelischerFriedhof.jpg?resize=160%2C160\" alt=\"Haupteingang des evangelischen Friedhofs\" width=\"160\" height=\"160\"><\/a><\/p>\n<\/div>\n<div class=\"pie-item\" style=\"margin: 10px;\">\n<p class=\"pie-img-wrapper\" style=\"text-align: center;\">Haupteingang des evangelischen Friedhofs<\/p>\n<\/div>\n<div class=\"pie-item\" style=\"margin: 10px; text-align: center;\">\n<p class=\"pie-img-wrapper\"><a title=\"alte Grabeinfassung auf dem Friedhof...\" href=\"https:\/\/i0.wp.com\/lh5.ggpht.com\/_c5apinOo0vk\/TBO0TTuo3BI\/AAAAAAAACNY\/a0MxYB0zYY0\/GrabeinfassungFriedhof.jpg\" rel=\"lightbox[2010-5-0-16-43-22]\"><img data-recalc-dims=\"1\" loading=\"lazy\" decoding=\"async\" class=\"pie-img aligncenter\" src=\"https:\/\/i0.wp.com\/lh5.ggpht.com\/_c5apinOo0vk\/TBO0TTuo3BI\/AAAAAAAACNY\/a0MxYB0zYY0\/s160-c\/GrabeinfassungFriedhof.jpg?resize=160%2C160\" alt=\"alte Grabeinfassung auf dem Friedhof...\" width=\"160\" height=\"160\"><\/a>alte Grabeinfassung auf dem Friedhof&#8230;<\/p>\n<\/div>\n<div class=\"pie-item\" style=\"margin: 10px;\">\n<p class=\"pie-img-wrapper\" style=\"text-align: center;\"><a title=\"Ein Grabstein aus alter Zeit inmitten von Wildnis\" href=\"https:\/\/i0.wp.com\/lh6.ggpht.com\/_c5apinOo0vk\/TBO0TzBjKxI\/AAAAAAAACNc\/n4uE_EqSiZA\/EinalterGrabstein.jpg\" rel=\"lightbox[2010-5-0-16-43-22]\"><img data-recalc-dims=\"1\" loading=\"lazy\" decoding=\"async\" class=\"pie-img aligncenter\" src=\"https:\/\/i0.wp.com\/lh6.ggpht.com\/_c5apinOo0vk\/TBO0TzBjKxI\/AAAAAAAACNc\/n4uE_EqSiZA\/s160-c\/EinalterGrabstein.jpg?resize=160%2C160\" alt=\"Ein Grabstein aus alter Zeit inmitten von Wildnis\" width=\"160\" height=\"160\"><\/a>Ein Grabstein aus alter Zeit inmitten von Wildnis<\/p>\n<\/div>\n<\/div>\n\n\n<p><\/p>\n","protected":false},"excerpt":{"rendered":"<p>Bilder unserer allj\u00e4hrlichen Heimatreisen &#8211; Zinten heute Reste des Kirchturmes &#8211; 2010 Kirchenportal &#8211; heute Alte Mittelschule&#8230; Bahnhofstra\u00dfe, Haus der Familie Piccenini Bahnhofstra\u00dfe, Haus von Hans Rutz &#8211; jetzt Lebensmittelgesch\u00e4ft Bahnhofstra\u00dfe, Haus von Max Brendtner Birkenallee 8, Haus der Familie Schulz &#8211; jetzt Schulk\u00fcche Birkenallee 6, Haus des T\u00f6pfermeisters Frost, zeitweise als Verwaltung genutzt Friedrichstra\u00dfe, &hellip; <a href=\"http:\/\/zinten.org\/?page_id=34\" class=\"more-link\"><span class=\"screen-reader-text\">\u201eFotos-Zinten heute\u201c<\/span> weiterlesen<\/a><\/p>\n","protected":false},"author":1,"featured_media":0,"parent":0,"menu_order":2,"comment_status":"open","ping_status":"open","template":"","meta":{"jetpack_post_was_ever_published":false,"footnotes":""},"class_list":["post-34","page","type-page","status-publish","hentry"],"jetpack_sharing_enabled":true,"jetpack_shortlink":"https:\/\/wp.me\/PajJsK-y","jetpack-related-posts":[{"id":104,"url":"http:\/\/zinten.org\/?page_id=104","url_meta":{"origin":34,"position":0},"title":"Fotos-Zinten heute 2","author":"An","date":"Januar 25, 2020","format":false,"excerpt":"M\u00fchle PaulyStorch auf der Kirchenruine Wilhelmstrasse mit KirchenruineWaldbadWaldbadStrasse zum WaldschlossAlte MittelschuleSchulstrasseWasserturmVolksbank LindenstrasseLudwigsorter Chaussee stadteinw\u00e4rtsWaldbadStradick am WaldbadBlick zur StadtAreal vom WaldschlossAreal vom WaldschlossNebengeb\u00e4ude BahnhofSt\u00f6rche auf der KirchenruineStorch auf Ludwigsorter Chaussee stadtausw\u00e4rtsWasserturmKirchenportalPlatz der Hans-Schemm-SchuleBahnhofstrasseBahnhofstrasse Fu\u00dfweg AlleeZinten heute","rel":"","context":"\u00c4hnlicher Beitrag","block_context":{"text":"\u00c4hnlicher Beitrag","link":""},"img":{"alt_text":"","src":"https:\/\/i0.wp.com\/zinten.org\/wp-content\/uploads\/2020\/01\/IMG_1159-scaled.jpg?resize=350%2C200","width":350,"height":200,"srcset":"https:\/\/i0.wp.com\/zinten.org\/wp-content\/uploads\/2020\/01\/IMG_1159-scaled.jpg?resize=350%2C200 1x, https:\/\/i0.wp.com\/zinten.org\/wp-content\/uploads\/2020\/01\/IMG_1159-scaled.jpg?resize=525%2C300 1.5x, https:\/\/i0.wp.com\/zinten.org\/wp-content\/uploads\/2020\/01\/IMG_1159-scaled.jpg?resize=700%2C400 2x, https:\/\/i0.wp.com\/zinten.org\/wp-content\/uploads\/2020\/01\/IMG_1159-scaled.jpg?resize=1050%2C600 3x, https:\/\/i0.wp.com\/zinten.org\/wp-content\/uploads\/2020\/01\/IMG_1159-scaled.jpg?resize=1400%2C800 4x"},"classes":[]},{"id":133,"url":"http:\/\/zinten.org\/?page_id=133","url_meta":{"origin":34,"position":1},"title":"Reiseberichte","author":"An","date":"Februar 13, 2020","format":false,"excerpt":"Berichte unserer Heimatreisen nach Zinten und ins Zintener Umland. UnserBesuchinZinten2015Herunterladen AmStauwerkinZinten2015Herunterladen UnserBesuchvomStauwerkZintenHerunterladen BesuchinP\u00f6rschken2016Herunterladen BesuchinBalga2016Herunterladen Diese Berichte dienen der Information f\u00fcr alle Interessierten an Zinten und dem Zintener Umland. Alle Reiseberichte unterliegen meinem Copyright und d\u00fcrfen nicht ohne mein Einverst\u00e4ndnis genutzt, ver\u00e4ndert oder verarbeitet werden!","rel":"","context":"\u00c4hnlicher Beitrag","block_context":{"text":"\u00c4hnlicher Beitrag","link":""},"img":{"alt_text":"","src":"","width":0,"height":0},"classes":[]},{"id":79,"url":"http:\/\/zinten.org\/?page_id=79","url_meta":{"origin":34,"position":2},"title":"Heimatreisen","author":"An","date":"Februar 7, 2020","format":false,"excerpt":"Die Verbindung in unsere ostpreu\u00dfische Heimat liegt uns besonders am Herzen - Heimatkunde, Heimatpflege, Erhalt polnischer und russischer Freundschaften. Ostpreu\u00dfen bleibt unvergessen! Aus diesem Grund haben wir die Interessengemeinschaft Ostpreu\u00dfen gegr\u00fcndet und fahren einmal im Jahr als Vereinsfahrt in unser wundersch\u00f6nes Ostpreussen. 22.05.2020-31.05.2020 Nordostpreu\u00dfen K\u00f6nigsberg \/ Cranz \/ Danzig Tag:\u2026","rel":"","context":"\u00c4hnlicher Beitrag","block_context":{"text":"\u00c4hnlicher Beitrag","link":""},"img":{"alt_text":"","src":"","width":0,"height":0},"classes":[]},{"id":18,"url":"http:\/\/zinten.org\/","url_meta":{"origin":34,"position":3},"title":"Guten Tag","author":"CP","date":"Oktober 1, 2018","format":false,"excerpt":"Wir begr\u00fc\u00dfen Sie auf der Seite der Stadtgemeinschaft Zinten \/ Kreis Heiligenbeil in Ostpreu\u00dfen. Bitte besuchen Sie diese Seite regelm\u00e4\u00dfig. Ihre Stadtvertreter Viola Reyentanz und Siegfried Dreher","rel":"","context":"\u00c4hnlicher Beitrag","block_context":{"text":"\u00c4hnlicher Beitrag","link":""},"img":{"alt_text":"","src":"https:\/\/i0.wp.com\/zinten.org\/wp-content\/uploads\/2018\/10\/image0-1.jpg?fit=1097%2C700&resize=350%2C200","width":350,"height":200,"srcset":"https:\/\/i0.wp.com\/zinten.org\/wp-content\/uploads\/2018\/10\/image0-1.jpg?fit=1097%2C700&resize=350%2C200 1x, https:\/\/i0.wp.com\/zinten.org\/wp-content\/uploads\/2018\/10\/image0-1.jpg?fit=1097%2C700&resize=525%2C300 1.5x, https:\/\/i0.wp.com\/zinten.org\/wp-content\/uploads\/2018\/10\/image0-1.jpg?fit=1097%2C700&resize=700%2C400 2x, https:\/\/i0.wp.com\/zinten.org\/wp-content\/uploads\/2018\/10\/image0-1.jpg?fit=1097%2C700&resize=1050%2C600 3x"},"classes":[]},{"id":11,"url":"http:\/\/zinten.org\/?page_id=11","url_meta":{"origin":34,"position":4},"title":"Impressum","author":"CP","date":"Oktober 1, 2018","format":false,"excerpt":"Verantwortlich f\u00fcr die Seite: Angaben gem\u00e4\u00df \u00a7 5 TMG: Stadtgemeinschaft Zinten Viola Reyentanz Gro\u00dfenhainer Str. 5 04932 Hirschfeld Tel.-Nr.: 035343-433, Fax-Nr.: 035343-61480 e-Mail: reyvio@web.de Siegfried Dreher Papenwisch 11 22927 Gro\u00dfhansdorf Telefon 04102-61315 Fax 04102-697794 e-Mail: m.s.dreher@t-online.de Verantwortlich f\u00fcr den Inhalt nach \u00a7 55 Abs. 2 RStV: Christian Perbandt Im Stegefeld\u2026","rel":"","context":"\u00c4hnlicher Beitrag","block_context":{"text":"\u00c4hnlicher Beitrag","link":""},"img":{"alt_text":"","src":"","width":0,"height":0},"classes":[]},{"id":27,"url":"http:\/\/zinten.org\/?page_id=27","url_meta":{"origin":34,"position":5},"title":"G\u00e4stebuch","author":"CP","date":"Oktober 1, 2018","format":false,"excerpt":"Wir freuen uns auf Ihre Eintr\u00e4ge!","rel":"","context":"\u00c4hnlicher Beitrag","block_context":{"text":"\u00c4hnlicher Beitrag","link":""},"img":{"alt_text":"","src":"","width":0,"height":0},"classes":[]}],"_links":{"self":[{"href":"http:\/\/zinten.org\/index.php?rest_route=\/wp\/v2\/pages\/34","targetHints":{"allow":["GET"]}}],"collection":[{"href":"http:\/\/zinten.org\/index.php?rest_route=\/wp\/v2\/pages"}],"about":[{"href":"http:\/\/zinten.org\/index.php?rest_route=\/wp\/v2\/types\/page"}],"author":[{"embeddable":true,"href":"http:\/\/zinten.org\/index.php?rest_route=\/wp\/v2\/users\/1"}],"replies":[{"embeddable":true,"href":"http:\/\/zinten.org\/index.php?rest_route=%2Fwp%2Fv2%2Fcomments&post=34"}],"version-history":[{"count":5,"href":"http:\/\/zinten.org\/index.php?rest_route=\/wp\/v2\/pages\/34\/revisions"}],"predecessor-version":[{"id":121,"href":"http:\/\/zinten.org\/index.php?rest_route=\/wp\/v2\/pages\/34\/revisions\/121"}],"wp:attachment":[{"href":"http:\/\/zinten.org\/index.php?rest_route=%2Fwp%2Fv2%2Fmedia&parent=34"}],"curies":[{"name":"wp","href":"https:\/\/api.w.org\/{rel}","templated":true}]}}