{"id":79,"date":"2020-02-07T10:12:43","date_gmt":"2020-02-07T10:12:43","guid":{"rendered":"http:\/\/zinten.org\/?page_id=79"},"modified":"2020-02-07T10:12:43","modified_gmt":"2020-02-07T10:12:43","slug":"heimatreisen","status":"publish","type":"page","link":"http:\/\/zinten.org\/?page_id=79","title":{"rendered":"Heimatreisen"},"content":{"rendered":"\n<p>Die Verbindung in unsere ostpreu\u00dfische Heimat liegt uns besonders am Herzen &#8211; Heimatkunde, Heimatpflege, Erhalt polnischer und russischer Freundschaften. Ostpreu\u00dfen bleibt unvergessen!<\/p>\n\n\n\n<p>Aus diesem Grund haben wir die Interessengemeinschaft Ostpreu\u00dfen gegr\u00fcndet und fahren einmal im Jahr als Vereinsfahrt in unser wundersch\u00f6nes Ostpreussen.<\/p>\n\n\n\n<p><strong><span style=\"text-decoration: underline;\">22.05.2020-31.05.2020 Nordostpreu\u00dfen K\u00f6nigsberg \/ Cranz \/ Danzig<\/span><\/strong> <\/p>\n\n\n\n<ol class=\"wp-block-list\"><li>Tag: Anreise nach Bedarf \u00fcber Gro\u00dfraum Hamburg, Raum Berlin <br>\nnach K\u00f6slin <\/li><li>Tag: Weiterfahrt nach K\u00f6nigsberg \u00fcber Elbing (Aufenthalt) <\/li><li>Tag K\u00f6nigsberg: Schifffahrt auf dem Pregel (Stadtbesichtigung), <br>\nGemeinsamer Besuch des Bernsteinmuseum, Besuch des <br>\nK\u00f6nigsberger Dom (nach M\u00f6glichkeit: Orgelkonzert), Besuch des <br>\nK\u00f6nigsberger Tiergarten, gegr\u00fcndet 1896 <\/li><li>Tag Kreis Heiligenbeil (optional): Tagesfahrt nach Heiligenbeil mit <br>\nBesuch des Ehrenfriedhofs und des Heiligenbeiler Museums, <br>\nAufenthalt und Picknick in Zinten, Besuch des Rosenberger <br>\nGedenksteins <\/li><li>Tag: Tagesfahrt nach Rauschen anschl. Weiterfahrt nach Cranz <\/li><li>Tag: Stadtf\u00fchrung Cranz mit Besuch der kleinen russischen <br>\nMarkthallen; restlicher Tag zur freien Verf\u00fcgung an der <br>\nostpreu\u00dfischen Ostsee <\/li><li>Tag: Tagesausflug zur Kurischen Nehrung (optional) <\/li><li>Tag: R\u00fcckfahrt \u00fcber Frauenburg \u2013 Besuch des Gedenksteins, <br>\nSchiffahrt von Frauenburg nach Danzig (8Std), \u00dcbernachtung in <br>\nDanzig <\/li><li>Tag: R\u00fcckfahrt nach K\u00f6slin \u00fcber Zoppot, Gdingen\/Gotenhafen mit <br>\nAufenthalt <\/li><li>Tag: R\u00fcckfahrt \u00fcber Stettin, Raum Berlin, Raum Hamburg <\/li><\/ol>\n\n\n\n<p>Bei Interesse an dieser Fahrt, Fragen oder f\u00fcr weitere Informationen melden Sie sich gern bei Viola Reyentanz unter 035343\/433 oder bei Anja Reyentanz unter 01575-8893793 oder senden Sie eine Email an rey_anja@yahoo.de<\/p>\n","protected":false},"excerpt":{"rendered":"<p>Die Verbindung in unsere ostpreu\u00dfische Heimat liegt uns besonders am Herzen &#8211; Heimatkunde, Heimatpflege, Erhalt polnischer und russischer Freundschaften. Ostpreu\u00dfen bleibt unvergessen! Aus diesem Grund haben wir die Interessengemeinschaft Ostpreu\u00dfen gegr\u00fcndet und fahren einmal im Jahr als Vereinsfahrt in unser wundersch\u00f6nes Ostpreussen. 22.05.2020-31.05.2020 Nordostpreu\u00dfen K\u00f6nigsberg \/ Cranz \/ Danzig Tag: Anreise nach Bedarf \u00fcber Gro\u00dfraum &hellip; <a href=\"http:\/\/zinten.org\/?page_id=79\" class=\"more-link\"><span class=\"screen-reader-text\">\u201eHeimatreisen\u201c<\/span> weiterlesen<\/a><\/p>\n","protected":false},"author":2,"featured_media":0,"parent":0,"menu_order":0,"comment_status":"closed","ping_status":"closed","template":"","meta":{"jetpack_post_was_ever_published":false,"footnotes":""},"class_list":["post-79","page","type-page","status-publish","hentry"],"jetpack_sharing_enabled":true,"jetpack_shortlink":"https:\/\/wp.me\/PajJsK-1h","jetpack-related-posts":[{"id":14,"url":"http:\/\/zinten.org\/?page_id=14","url_meta":{"origin":79,"position":0},"title":"Datenschutz","author":"CP","date":"Oktober 1, 2018","format":false,"excerpt":"Datenschutzerkl\u00e4rung Wer wir sind Die Adresse unserer Website ist: https:\/\/www.zinten.de Welche personenbezogenen Daten wir sammeln und warum wir sie sammeln Kommentare Wenn Besucher Kommentare auf der Website schreiben, sammeln wir die Daten, die im Kommentar-Formular angezeigt werden, au\u00dferdem die IP-Adresse des Besuchers und den User-Agent-String (damit wird der Browser identifiziert),\u2026","rel":"","context":"\u00c4hnlicher Beitrag","block_context":{"text":"\u00c4hnlicher Beitrag","link":""},"img":{"alt_text":"","src":"","width":0,"height":0},"classes":[]},{"id":133,"url":"http:\/\/zinten.org\/?page_id=133","url_meta":{"origin":79,"position":1},"title":"Reiseberichte","author":"An","date":"Februar 13, 2020","format":false,"excerpt":"Berichte unserer Heimatreisen nach Zinten und ins Zintener Umland. UnserBesuchinZinten2015Herunterladen AmStauwerkinZinten2015Herunterladen UnserBesuchvomStauwerkZintenHerunterladen BesuchinP\u00f6rschken2016Herunterladen BesuchinBalga2016Herunterladen Diese Berichte dienen der Information f\u00fcr alle Interessierten an Zinten und dem Zintener Umland. Alle Reiseberichte unterliegen meinem Copyright und d\u00fcrfen nicht ohne mein Einverst\u00e4ndnis genutzt, ver\u00e4ndert oder verarbeitet werden!","rel":"","context":"\u00c4hnlicher Beitrag","block_context":{"text":"\u00c4hnlicher Beitrag","link":""},"img":{"alt_text":"","src":"","width":0,"height":0},"classes":[]},{"id":11,"url":"http:\/\/zinten.org\/?page_id=11","url_meta":{"origin":79,"position":2},"title":"Impressum","author":"CP","date":"Oktober 1, 2018","format":false,"excerpt":"Verantwortlich f\u00fcr die Seite: Angaben gem\u00e4\u00df \u00a7 5 TMG: Stadtgemeinschaft Zinten Viola Reyentanz Gro\u00dfenhainer Str. 5 04932 Hirschfeld Tel.-Nr.: 035343-433, Fax-Nr.: 035343-61480 e-Mail: reyvio@web.de Siegfried Dreher Papenwisch 11 22927 Gro\u00dfhansdorf Telefon 04102-61315 Fax 04102-697794 e-Mail: m.s.dreher@t-online.de Verantwortlich f\u00fcr den Inhalt nach \u00a7 55 Abs. 2 RStV: Christian Perbandt Im Stegefeld\u2026","rel":"","context":"\u00c4hnlicher Beitrag","block_context":{"text":"\u00c4hnlicher Beitrag","link":""},"img":{"alt_text":"","src":"","width":0,"height":0},"classes":[]},{"id":18,"url":"http:\/\/zinten.org\/","url_meta":{"origin":79,"position":3},"title":"Guten Tag","author":"CP","date":"Oktober 1, 2018","format":false,"excerpt":"Wir begr\u00fc\u00dfen Sie auf der Seite der Stadtgemeinschaft Zinten \/ Kreis Heiligenbeil in Ostpreu\u00dfen. Bitte besuchen Sie diese Seite regelm\u00e4\u00dfig. Ihre Stadtvertreter Viola Reyentanz und Siegfried Dreher","rel":"","context":"\u00c4hnlicher Beitrag","block_context":{"text":"\u00c4hnlicher Beitrag","link":""},"img":{"alt_text":"","src":"https:\/\/i0.wp.com\/zinten.org\/wp-content\/uploads\/2018\/10\/image0-1.jpg?fit=1097%2C700&resize=350%2C200","width":350,"height":200,"srcset":"https:\/\/i0.wp.com\/zinten.org\/wp-content\/uploads\/2018\/10\/image0-1.jpg?fit=1097%2C700&resize=350%2C200 1x, https:\/\/i0.wp.com\/zinten.org\/wp-content\/uploads\/2018\/10\/image0-1.jpg?fit=1097%2C700&resize=525%2C300 1.5x, https:\/\/i0.wp.com\/zinten.org\/wp-content\/uploads\/2018\/10\/image0-1.jpg?fit=1097%2C700&resize=700%2C400 2x, https:\/\/i0.wp.com\/zinten.org\/wp-content\/uploads\/2018\/10\/image0-1.jpg?fit=1097%2C700&resize=1050%2C600 3x"},"classes":[]},{"id":34,"url":"http:\/\/zinten.org\/?page_id=34","url_meta":{"origin":79,"position":4},"title":"Fotos-Zinten heute","author":"CP","date":"Oktober 1, 2018","format":false,"excerpt":"Bilder unserer allj\u00e4hrlichen Heimatreisen - Zinten heute Reste des Kirchturmes - 2010 Kirchenportal - heute Alte Mittelschule... Bahnhofstra\u00dfe, Haus der Familie Piccenini Bahnhofstra\u00dfe, Haus von Hans Rutz - jetzt Lebensmittelgesch\u00e4ft Bahnhofstra\u00dfe, Haus von Max Brendtner Birkenallee 8, Haus der Familie Schulz - jetzt Schulk\u00fcche Birkenallee 6, Haus des T\u00f6pfermeisters Frost,\u2026","rel":"","context":"Mit 4 Kommentaren","block_context":{"text":"Mit 4 Kommentaren","link":"http:\/\/zinten.org\/?page_id=34#comments"},"img":{"alt_text":"Reste des Kirchturmes - 2010","src":"https:\/\/i0.wp.com\/lh6.ggpht.com\/_c5apinOo0vk\/TBO0LV8NrnI\/AAAAAAAACL0\/abtJGE9uScQ\/s160-c\/RuinederKirche.jpg?resize=350%2C200","width":350,"height":200},"classes":[]}],"_links":{"self":[{"href":"http:\/\/zinten.org\/index.php?rest_route=\/wp\/v2\/pages\/79","targetHints":{"allow":["GET"]}}],"collection":[{"href":"http:\/\/zinten.org\/index.php?rest_route=\/wp\/v2\/pages"}],"about":[{"href":"http:\/\/zinten.org\/index.php?rest_route=\/wp\/v2\/types\/page"}],"author":[{"embeddable":true,"href":"http:\/\/zinten.org\/index.php?rest_route=\/wp\/v2\/users\/2"}],"replies":[{"embeddable":true,"href":"http:\/\/zinten.org\/index.php?rest_route=%2Fwp%2Fv2%2Fcomments&post=79"}],"version-history":[{"count":3,"href":"http:\/\/zinten.org\/index.php?rest_route=\/wp\/v2\/pages\/79\/revisions"}],"predecessor-version":[{"id":127,"href":"http:\/\/zinten.org\/index.php?rest_route=\/wp\/v2\/pages\/79\/revisions\/127"}],"wp:attachment":[{"href":"http:\/\/zinten.org\/index.php?rest_route=%2Fwp%2Fv2%2Fmedia&parent=79"}],"curies":[{"name":"wp","href":"https:\/\/api.w.org\/{rel}","templated":true}]}}